{"id":2352,"date":"2023-01-07T00:10:20","date_gmt":"2023-01-07T00:10:20","guid":{"rendered":"https:\/\/festivalholl.fo\/?page_id=2352"},"modified":"2025-12-16T04:44:59","modified_gmt":"2025-12-16T04:44:59","slug":"sign-up","status":"publish","type":"page","link":"https:\/\/festivalholl.fo\/en\/sign-up\/","title":{"rendered":"Tekna teg"},"content":{"rendered":"<div data-elementor-type=\"wp-page\" data-elementor-id=\"2352\" class=\"elementor elementor-2352\">\n\t\t\t\t\t\t<section class=\"elementor-section elementor-top-section elementor-element elementor-element-9fc2233 elementor-section-boxed elementor-section-height-default elementor-section-height-default\" data-id=\"9fc2233\" data-element_type=\"section\" data-e-type=\"section\">\n\t\t\t\t\t\t<div class=\"elementor-container elementor-column-gap-default\">\n\t\t\t\t\t<div class=\"elementor-column elementor-col-100 elementor-top-column elementor-element elementor-element-a73688b\" data-id=\"a73688b\" data-element_type=\"column\" data-e-type=\"column\">\n\t\t\t<div class=\"elementor-widget-wrap elementor-element-populated\">\n\t\t\t\t\t\t<div class=\"elementor-element elementor-element-4e1736e elementor-widget elementor-widget-heading\" data-id=\"4e1736e\" data-element_type=\"widget\" data-e-type=\"widget\" data-widget_type=\"heading.default\">\n\t\t\t\t<div class=\"elementor-widget-container\">\n\t\t\t\t\t<h3 class=\"elementor-heading-title elementor-size-large\">Sign up - Viking or volunteer<\/h3>\t\t\t\t<\/div>\n\t\t\t\t<\/div>\n\t\t\t\t<section class=\"elementor-section elementor-inner-section elementor-element elementor-element-ab395a8 elementor-section-boxed elementor-section-height-default elementor-section-height-default\" data-id=\"ab395a8\" data-element_type=\"section\" data-e-type=\"section\" data-settings=\"{&quot;background_background&quot;:&quot;classic&quot;}\">\n\t\t\t\t\t\t<div class=\"elementor-container elementor-column-gap-default\">\n\t\t\t\t\t<div class=\"elementor-column elementor-col-50 elementor-inner-column elementor-element elementor-element-1d75e02\" data-id=\"1d75e02\" data-element_type=\"column\" data-e-type=\"column\">\n\t\t\t<div class=\"elementor-widget-wrap elementor-element-populated\">\n\t\t\t\t\t\t<div class=\"elementor-element elementor-element-7963a2f elementor-widget elementor-widget-heading\" data-id=\"7963a2f\" data-element_type=\"widget\" data-e-type=\"widget\" data-widget_type=\"heading.default\">\n\t\t\t\t<div class=\"elementor-widget-container\">\n\t\t\t\t\t<h2 class=\"elementor-heading-title elementor-size-large\">Viking<\/h2>\t\t\t\t<\/div>\n\t\t\t\t<\/div>\n\t\t\t\t<div class=\"elementor-element elementor-element-cecbda1 elementor-widget elementor-widget-text-editor\" data-id=\"cecbda1\" data-element_type=\"widget\" data-e-type=\"widget\" data-widget_type=\"text-editor.default\">\n\t\t\t\t<div class=\"elementor-widget-container\">\n\t\t\t\t\t\t\t\t\t<p>It is required that you have experience as a Viking reenactor or you are following an experienced Viking group. Authenticity is highly valued and we expect you to do your best in this regard.\u00a0<\/p><p><span style=\"font-size: 14px; color: var( --e-global-color-text ); background-color: var( --e-global-color-secondary );\">As a Viking at Fest\u00edvalh\u00f6ll we expect you to participate at all opening hours. We would like to know your Viking occupation and also if you are able to help with festival tasks.\u00a0<\/span><\/p><p><span style=\"font-size: 14px; color: var( --e-global-color-text ); background-color: var( --e-global-color-secondary );\">We offer food on opening days.\u00a0<\/span><\/p><p>Do you want to be a Viking, but don't have any experience yet, you can contact Berserk through the button below.<\/p>\t\t\t\t\t\t\t\t<\/div>\n\t\t\t\t<\/div>\n\t\t\t\t<div class=\"elementor-element elementor-element-30a81db elementor-align-center elementor-widget elementor-widget-button\" data-id=\"30a81db\" data-element_type=\"widget\" data-e-type=\"widget\" data-widget_type=\"button.default\">\n\t\t\t\t<div class=\"elementor-widget-container\">\n\t\t\t\t\t\t\t\t\t<div class=\"elementor-button-wrapper\">\n\t\t\t\t\t<a class=\"elementor-button elementor-button-link elementor-size-lg elementor-animation-grow\" href=\"https:\/\/www.facebook.com\/Berserkvikingar\" target=\"_blank\" popmake-2384=\"\">\n\t\t\t\t\t\t<span class=\"elementor-button-content-wrapper\">\n\t\t\t\t\t\t\t\t\t<span class=\"elementor-button-text\">Berserk<\/span>\n\t\t\t\t\t<\/span>\n\t\t\t\t\t<\/a>\n\t\t\t\t<\/div>\n\t\t\t\t\t\t\t\t<\/div>\n\t\t\t\t<\/div>\n\t\t\t\t<div class=\"elementor-element elementor-element-836fb4d elementor-widget elementor-widget-text-editor\" data-id=\"836fb4d\" data-element_type=\"widget\" data-e-type=\"widget\" data-widget_type=\"text-editor.default\">\n\t\t\t\t<div class=\"elementor-widget-container\">\n\t\t\t\t\t\t\t\t\t<p>Push the button below if you'd like to participate as a Viking.<\/p>\t\t\t\t\t\t\t\t<\/div>\n\t\t\t\t<\/div>\n\t\t\t\t<div class=\"elementor-element elementor-element-4ea4b26 elementor-align-center elementor-widget elementor-widget-button\" data-id=\"4ea4b26\" data-element_type=\"widget\" data-e-type=\"widget\" data-widget_type=\"button.default\">\n\t\t\t\t<div class=\"elementor-widget-container\">\n\t\t\t\t\t\t\t\t\t<div class=\"elementor-button-wrapper\">\n\t\t\t\t\t<a class=\"elementor-button elementor-button-link elementor-size-lg elementor-animation-grow\" href=\"https:\/\/forms.office.com\/r\/fcavPzQM2S\" target=\"_blank\" popmake-2384=\"\">\n\t\t\t\t\t\t<span class=\"elementor-button-content-wrapper\">\n\t\t\t\t\t\t\t\t\t<span class=\"elementor-button-text\">Fest\u00edvalh\u00f6ll registration<\/span>\n\t\t\t\t\t<\/span>\n\t\t\t\t\t<\/a>\n\t\t\t\t<\/div>\n\t\t\t\t\t\t\t\t<\/div>\n\t\t\t\t<\/div>\n\t\t\t\t\t<\/div>\n\t\t<\/div>\n\t\t\t\t<div class=\"elementor-column elementor-col-50 elementor-inner-column elementor-element elementor-element-b5c8e82\" data-id=\"b5c8e82\" data-element_type=\"column\" data-e-type=\"column\">\n\t\t\t<div class=\"elementor-widget-wrap elementor-element-populated\">\n\t\t\t\t\t\t<div class=\"elementor-element elementor-element-02567e8 elementor-widget elementor-widget-heading\" data-id=\"02567e8\" data-element_type=\"widget\" data-e-type=\"widget\" data-widget_type=\"heading.default\">\n\t\t\t\t<div class=\"elementor-widget-container\">\n\t\t\t\t\t<h2 class=\"elementor-heading-title elementor-size-large\">Volunteer<\/h2>\t\t\t\t<\/div>\n\t\t\t\t<\/div>\n\t\t\t\t<div class=\"elementor-element elementor-element-0d6acf3 elementor-widget elementor-widget-text-editor\" data-id=\"0d6acf3\" data-element_type=\"widget\" data-e-type=\"widget\" data-widget_type=\"text-editor.default\">\n\t\t\t\t<div class=\"elementor-widget-container\">\n\t\t\t\t\t\t\t\t\t<p>Do you want to support Fest\u00edvalh\u00f6ll and thereby the building of a future Viking village as a volunteer, you are so very welcome.\u00a0<\/p><p>As a volunteer you will experience the festival in a different way than as a visitor. You will be part of the Viking community - singing by the fire, laughs and fun. We offer food and also accommodation if there is still enough space. You will possibly recieve courses or similar depending on how many hours you put in. We expect you to show kindness towards both visitors and Vikings and to comply with agreement.<\/p><p>We need all the help we can get for different tasks. At sign up you can choose the tasks that fit you the best. It may be setting up or breaking down camp, sell tickets, guard the area, work in the kitchen or bar, cleaning and more.\u00a0<\/p><p>Welcome!<\/p>\t\t\t\t\t\t\t\t<\/div>\n\t\t\t\t<\/div>\n\t\t\t\t<div class=\"elementor-element elementor-element-3da8be8 elementor-align-center elementor-widget elementor-widget-button\" data-id=\"3da8be8\" data-element_type=\"widget\" data-e-type=\"widget\" data-widget_type=\"button.default\">\n\t\t\t\t<div class=\"elementor-widget-container\">\n\t\t\t\t\t\t\t\t\t<div class=\"elementor-button-wrapper\">\n\t\t\t\t\t<a class=\"elementor-button elementor-button-link elementor-size-lg elementor-animation-grow\" href=\"https:\/\/forms.office.com\/r\/7s8STJzdzQ\" target=\"_blank\">\n\t\t\t\t\t\t<span class=\"elementor-button-content-wrapper\">\n\t\t\t\t\t\t\t\t\t<span class=\"elementor-button-text\">Fest\u00edvalh\u00f6ll registration<\/span>\n\t\t\t\t\t<\/span>\n\t\t\t\t\t<\/a>\n\t\t\t\t<\/div>\n\t\t\t\t\t\t\t\t<\/div>\n\t\t\t\t<\/div>\n\t\t\t\t\t<\/div>\n\t\t<\/div>\n\t\t\t\t\t<\/div>\n\t\t<\/section>\n\t\t\t\t\t<\/div>\n\t\t<\/div>\n\t\t\t\t\t<\/div>\n\t\t<\/section>\n\t\t\t\t<\/div>","protected":false},"excerpt":{"rendered":"<p>Tekna teg &#8211; v\u00edkingur ella sj\u00e1lvbo\u00f0in V\u00edkingur Ta\u00f0 er eitt krav at t\u00fa hevur erfaring sum v\u00edkingur ella er \u00ed einum v\u00edkingab\u00f3lki. Autenticitet er h\u00f8gt \u00ed metum til festivalin og forv\u00e6nta vit at t\u00fa gert t\u00edtt besta at halda h\u00f8gt st\u00f8\u00f0i.\u00a0 Vit forv\u00e6nta at t\u00fa luttekur allar dagar og er \u00e1 \u00f8kinum, t\u00e1 opi\u00f0 er. [&hellip;]<\/p>\n","protected":false},"author":1,"featured_media":0,"parent":0,"menu_order":0,"comment_status":"closed","ping_status":"closed","template":"","meta":{"ocean_post_layout":"full-screen","ocean_both_sidebars_style":"","ocean_both_sidebars_content_width":0,"ocean_both_sidebars_sidebars_width":0,"ocean_sidebar":"0","ocean_second_sidebar":"0","ocean_disable_margins":"enable","ocean_add_body_class":"","ocean_shortcode_before_top_bar":"","ocean_shortcode_after_top_bar":"","ocean_shortcode_before_header":"","ocean_shortcode_after_header":"","ocean_has_shortcode":"","ocean_shortcode_after_title":"","ocean_shortcode_before_footer_widgets":"","ocean_shortcode_after_footer_widgets":"","ocean_shortcode_before_footer_bottom":"","ocean_shortcode_after_footer_bottom":"","ocean_display_top_bar":"default","ocean_display_header":"default","ocean_header_style":"minimal","ocean_center_header_left_menu":"0","ocean_custom_header_template":"0","ocean_custom_logo":0,"ocean_custom_retina_logo":0,"ocean_custom_logo_max_width":0,"ocean_custom_logo_tablet_max_width":0,"ocean_custom_logo_mobile_max_width":0,"ocean_custom_logo_max_height":0,"ocean_custom_logo_tablet_max_height":0,"ocean_custom_logo_mobile_max_height":0,"ocean_header_custom_menu":"0","ocean_menu_typo_font_family":"0","ocean_menu_typo_font_subset":"","ocean_menu_typo_font_size":0,"ocean_menu_typo_font_size_tablet":0,"ocean_menu_typo_font_size_mobile":0,"ocean_menu_typo_font_size_unit":"px","ocean_menu_typo_font_weight":"","ocean_menu_typo_font_weight_tablet":"","ocean_menu_typo_font_weight_mobile":"","ocean_menu_typo_transform":"","ocean_menu_typo_transform_tablet":"","ocean_menu_typo_transform_mobile":"","ocean_menu_typo_line_height":0,"ocean_menu_typo_line_height_tablet":0,"ocean_menu_typo_line_height_mobile":0,"ocean_menu_typo_line_height_unit":"","ocean_menu_typo_spacing":0,"ocean_menu_typo_spacing_tablet":0,"ocean_menu_typo_spacing_mobile":0,"ocean_menu_typo_spacing_unit":"","ocean_menu_link_color":"","ocean_menu_link_color_hover":"","ocean_menu_link_color_active":"","ocean_menu_link_background":"","ocean_menu_link_hover_background":"","ocean_menu_link_active_background":"","ocean_menu_social_links_bg":"","ocean_menu_social_hover_links_bg":"","ocean_menu_social_links_color":"","ocean_menu_social_hover_links_color":"","ocean_disable_title":"on","ocean_disable_heading":"default","ocean_post_title":"","ocean_post_subheading":"","ocean_post_title_style":"","ocean_post_title_background_color":"","ocean_post_title_background":0,"ocean_post_title_bg_image_position":"","ocean_post_title_bg_image_attachment":"","ocean_post_title_bg_image_repeat":"","ocean_post_title_bg_image_size":"","ocean_post_title_height":0,"ocean_post_title_bg_overlay":0.5,"ocean_post_title_bg_overlay_color":"","ocean_disable_breadcrumbs":"default","ocean_breadcrumbs_color":"","ocean_breadcrumbs_separator_color":"","ocean_breadcrumbs_links_color":"","ocean_breadcrumbs_links_hover_color":"","ocean_display_footer_widgets":"default","ocean_display_footer_bottom":"default","ocean_custom_footer_template":"0","footnotes":""},"class_list":["post-2352","page","type-page","status-publish","hentry","entry"],"yoast_head":"<!-- This site is optimized with the Yoast SEO plugin v27.5 - https:\/\/yoast.com\/product\/yoast-seo-wordpress\/ -->\n<title>Tekna teg - Fest\u00edvalh\u00f6ll<\/title>\n<meta name=\"robots\" content=\"index, follow, max-snippet:-1, max-image-preview:large, max-video-preview:-1\" \/>\n<link rel=\"canonical\" href=\"https:\/\/festivalholl.fo\/en\/sign-up\/\" \/>\n<meta property=\"og:locale\" content=\"en_GB\" \/>\n<meta property=\"og:type\" content=\"article\" \/>\n<meta property=\"og:title\" content=\"Tekna teg - Fest\u00edvalh\u00f6ll\" \/>\n<meta property=\"og:description\" content=\"Tekna teg &#8211; v\u00edkingur ella sj\u00e1lvbo\u00f0in V\u00edkingur Ta\u00f0 er eitt krav at t\u00fa hevur erfaring sum v\u00edkingur ella er \u00ed einum v\u00edkingab\u00f3lki. Autenticitet er h\u00f8gt \u00ed metum til festivalin og forv\u00e6nta vit at t\u00fa gert t\u00edtt besta at halda h\u00f8gt st\u00f8\u00f0i.\u00a0 Vit forv\u00e6nta at t\u00fa luttekur allar dagar og er \u00e1 \u00f8kinum, t\u00e1 opi\u00f0 er. [&hellip;]\" \/>\n<meta property=\"og:url\" content=\"https:\/\/festivalholl.fo\/en\/sign-up\/\" \/>\n<meta property=\"og:site_name\" content=\"Fest\u00edvalh\u00f6ll\" \/>\n<meta property=\"article:publisher\" content=\"https:\/\/www.facebook.com\/Festivalholl\" \/>\n<meta property=\"article:modified_time\" content=\"2025-12-16T04:44:59+00:00\" \/>\n<meta name=\"twitter:card\" content=\"summary_large_image\" \/>\n<meta name=\"twitter:label1\" content=\"Estimated reading time\" \/>\n\t<meta name=\"twitter:data1\" content=\"2 minutes\" \/>\n<script type=\"application\/ld+json\" class=\"yoast-schema-graph\">{\"@context\":\"https:\\\/\\\/schema.org\",\"@graph\":[{\"@type\":\"WebPage\",\"@id\":\"https:\\\/\\\/festivalholl.fo\\\/sign-up\\\/\",\"url\":\"https:\\\/\\\/festivalholl.fo\\\/sign-up\\\/\",\"name\":\"Tekna teg - Fest\u00edvalh\u00f6ll\",\"isPartOf\":{\"@id\":\"https:\\\/\\\/festivalholl.fo\\\/#website\"},\"datePublished\":\"2023-01-07T00:10:20+00:00\",\"dateModified\":\"2025-12-16T04:44:59+00:00\",\"breadcrumb\":{\"@id\":\"https:\\\/\\\/festivalholl.fo\\\/sign-up\\\/#breadcrumb\"},\"inLanguage\":\"en-GB\",\"potentialAction\":[{\"@type\":\"ReadAction\",\"target\":[\"https:\\\/\\\/festivalholl.fo\\\/sign-up\\\/\"]}]},{\"@type\":\"BreadcrumbList\",\"@id\":\"https:\\\/\\\/festivalholl.fo\\\/sign-up\\\/#breadcrumb\",\"itemListElement\":[{\"@type\":\"ListItem\",\"position\":1,\"name\":\"Home\",\"item\":\"https:\\\/\\\/festivalholl.fo\\\/\"},{\"@type\":\"ListItem\",\"position\":2,\"name\":\"Tekna teg\"}]},{\"@type\":\"WebSite\",\"@id\":\"https:\\\/\\\/festivalholl.fo\\\/#website\",\"url\":\"https:\\\/\\\/festivalholl.fo\\\/\",\"name\":\"Fest\u00edvalh\u00f6ll\",\"description\":\"Festival\",\"publisher\":{\"@id\":\"https:\\\/\\\/festivalholl.fo\\\/#organization\"},\"potentialAction\":[{\"@type\":\"SearchAction\",\"target\":{\"@type\":\"EntryPoint\",\"urlTemplate\":\"https:\\\/\\\/festivalholl.fo\\\/?s={search_term_string}\"},\"query-input\":{\"@type\":\"PropertyValueSpecification\",\"valueRequired\":true,\"valueName\":\"search_term_string\"}}],\"inLanguage\":\"en-GB\"},{\"@type\":\"Organization\",\"@id\":\"https:\\\/\\\/festivalholl.fo\\\/#organization\",\"name\":\"Fest\u00edvalh\u00f6ll\",\"url\":\"https:\\\/\\\/festivalholl.fo\\\/\",\"logo\":{\"@type\":\"ImageObject\",\"inLanguage\":\"en-GB\",\"@id\":\"https:\\\/\\\/festivalholl.fo\\\/#\\\/schema\\\/logo\\\/image\\\/\",\"url\":\"https:\\\/\\\/festivalholl.fo\\\/wp-content\\\/uploads\\\/2021\\\/04\\\/Favicon.png\",\"contentUrl\":\"https:\\\/\\\/festivalholl.fo\\\/wp-content\\\/uploads\\\/2021\\\/04\\\/Favicon.png\",\"width\":503,\"height\":503,\"caption\":\"Fest\u00edvalh\u00f6ll\"},\"image\":{\"@id\":\"https:\\\/\\\/festivalholl.fo\\\/#\\\/schema\\\/logo\\\/image\\\/\"},\"sameAs\":[\"https:\\\/\\\/www.facebook.com\\\/Festivalholl\",\"https:\\\/\\\/www.instagram.com\\\/festivalholl\\\/\"]}]}<\/script>\n<!-- \/ Yoast SEO plugin. -->","yoast_head_json":{"title":"Tekna teg - Fest\u00edvalh\u00f6ll","robots":{"index":"index","follow":"follow","max-snippet":"max-snippet:-1","max-image-preview":"max-image-preview:large","max-video-preview":"max-video-preview:-1"},"canonical":"https:\/\/festivalholl.fo\/en\/sign-up\/","og_locale":"en_GB","og_type":"article","og_title":"Tekna teg - Fest\u00edvalh\u00f6ll","og_description":"Tekna teg &#8211; v\u00edkingur ella sj\u00e1lvbo\u00f0in V\u00edkingur Ta\u00f0 er eitt krav at t\u00fa hevur erfaring sum v\u00edkingur ella er \u00ed einum v\u00edkingab\u00f3lki. Autenticitet er h\u00f8gt \u00ed metum til festivalin og forv\u00e6nta vit at t\u00fa gert t\u00edtt besta at halda h\u00f8gt st\u00f8\u00f0i.\u00a0 Vit forv\u00e6nta at t\u00fa luttekur allar dagar og er \u00e1 \u00f8kinum, t\u00e1 opi\u00f0 er. [&hellip;]","og_url":"https:\/\/festivalholl.fo\/en\/sign-up\/","og_site_name":"Fest\u00edvalh\u00f6ll","article_publisher":"https:\/\/www.facebook.com\/Festivalholl","article_modified_time":"2025-12-16T04:44:59+00:00","twitter_card":"summary_large_image","twitter_misc":{"Estimated reading time":"2 minutes"},"schema":{"@context":"https:\/\/schema.org","@graph":[{"@type":"WebPage","@id":"https:\/\/festivalholl.fo\/sign-up\/","url":"https:\/\/festivalholl.fo\/sign-up\/","name":"Tekna teg - Fest\u00edvalh\u00f6ll","isPartOf":{"@id":"https:\/\/festivalholl.fo\/#website"},"datePublished":"2023-01-07T00:10:20+00:00","dateModified":"2025-12-16T04:44:59+00:00","breadcrumb":{"@id":"https:\/\/festivalholl.fo\/sign-up\/#breadcrumb"},"inLanguage":"en-GB","potentialAction":[{"@type":"ReadAction","target":["https:\/\/festivalholl.fo\/sign-up\/"]}]},{"@type":"BreadcrumbList","@id":"https:\/\/festivalholl.fo\/sign-up\/#breadcrumb","itemListElement":[{"@type":"ListItem","position":1,"name":"Home","item":"https:\/\/festivalholl.fo\/"},{"@type":"ListItem","position":2,"name":"Tekna teg"}]},{"@type":"WebSite","@id":"https:\/\/festivalholl.fo\/#website","url":"https:\/\/festivalholl.fo\/","name":"Fest\u00edvalh\u00f6ll","description":"Festival","publisher":{"@id":"https:\/\/festivalholl.fo\/#organization"},"potentialAction":[{"@type":"SearchAction","target":{"@type":"EntryPoint","urlTemplate":"https:\/\/festivalholl.fo\/?s={search_term_string}"},"query-input":{"@type":"PropertyValueSpecification","valueRequired":true,"valueName":"search_term_string"}}],"inLanguage":"en-GB"},{"@type":"Organization","@id":"https:\/\/festivalholl.fo\/#organization","name":"Fest\u00edvalh\u00f6ll","url":"https:\/\/festivalholl.fo\/","logo":{"@type":"ImageObject","inLanguage":"en-GB","@id":"https:\/\/festivalholl.fo\/#\/schema\/logo\/image\/","url":"https:\/\/festivalholl.fo\/wp-content\/uploads\/2021\/04\/Favicon.png","contentUrl":"https:\/\/festivalholl.fo\/wp-content\/uploads\/2021\/04\/Favicon.png","width":503,"height":503,"caption":"Fest\u00edvalh\u00f6ll"},"image":{"@id":"https:\/\/festivalholl.fo\/#\/schema\/logo\/image\/"},"sameAs":["https:\/\/www.facebook.com\/Festivalholl","https:\/\/www.instagram.com\/festivalholl\/"]}]}},"_links":{"self":[{"href":"https:\/\/festivalholl.fo\/en\/wp-json\/wp\/v2\/pages\/2352","targetHints":{"allow":["GET"]}}],"collection":[{"href":"https:\/\/festivalholl.fo\/en\/wp-json\/wp\/v2\/pages"}],"about":[{"href":"https:\/\/festivalholl.fo\/en\/wp-json\/wp\/v2\/types\/page"}],"author":[{"embeddable":true,"href":"https:\/\/festivalholl.fo\/en\/wp-json\/wp\/v2\/users\/1"}],"replies":[{"embeddable":true,"href":"https:\/\/festivalholl.fo\/en\/wp-json\/wp\/v2\/comments?post=2352"}],"version-history":[{"count":24,"href":"https:\/\/festivalholl.fo\/en\/wp-json\/wp\/v2\/pages\/2352\/revisions"}],"predecessor-version":[{"id":3617,"href":"https:\/\/festivalholl.fo\/en\/wp-json\/wp\/v2\/pages\/2352\/revisions\/3617"}],"wp:attachment":[{"href":"https:\/\/festivalholl.fo\/en\/wp-json\/wp\/v2\/media?parent=2352"}],"curies":[{"name":"wp","href":"https:\/\/api.w.org\/{rel}","templated":true}]}}