{"id":2442,"date":"2023-01-07T00:41:37","date_gmt":"2023-01-07T00:41:37","guid":{"rendered":"https:\/\/festivalholl.fo\/?page_id=2442"},"modified":"2025-12-16T03:56:27","modified_gmt":"2025-12-16T03:56:27","slug":"sign-up-volunteer","status":"publish","type":"page","link":"https:\/\/festivalholl.fo\/en\/sign-up-volunteer\/","title":{"rendered":"Tekna teg sum hj\u00e1lparf\u00f3lk"},"content":{"rendered":"<div data-elementor-type=\"wp-page\" data-elementor-id=\"2442\" class=\"elementor elementor-2442\">\n\t\t\t\t\t\t<section class=\"elementor-section elementor-top-section elementor-element elementor-element-5bf5acb1 elementor-section-boxed elementor-section-height-default elementor-section-height-default\" data-id=\"5bf5acb1\" data-element_type=\"section\" data-e-type=\"section\">\n\t\t\t\t\t\t<div class=\"elementor-container elementor-column-gap-default\">\n\t\t\t\t\t<div class=\"elementor-column elementor-col-100 elementor-top-column elementor-element elementor-element-2ade5b55\" data-id=\"2ade5b55\" data-element_type=\"column\" data-e-type=\"column\">\n\t\t\t<div class=\"elementor-widget-wrap elementor-element-populated\">\n\t\t\t\t\t\t<div class=\"elementor-element elementor-element-9c1ccfb elementor-widget elementor-widget-heading\" data-id=\"9c1ccfb\" data-element_type=\"widget\" data-e-type=\"widget\" data-widget_type=\"heading.default\">\n\t\t\t\t<div class=\"elementor-widget-container\">\n\t\t\t\t\t<h3 class=\"elementor-heading-title elementor-size-large\">Luttak sum hj\u00e1lparf\u00f3lk<\/h3>\t\t\t\t<\/div>\n\t\t\t\t<\/div>\n\t\t\t\t<section class=\"elementor-section elementor-inner-section elementor-element elementor-element-fa327b6 elementor-section-boxed elementor-section-height-default elementor-section-height-default\" data-id=\"fa327b6\" data-element_type=\"section\" data-e-type=\"section\" data-settings=\"{&quot;background_background&quot;:&quot;classic&quot;}\">\n\t\t\t\t\t\t<div class=\"elementor-container elementor-column-gap-default\">\n\t\t\t\t\t<div class=\"elementor-column elementor-col-100 elementor-inner-column elementor-element elementor-element-76979a52\" data-id=\"76979a52\" data-element_type=\"column\" data-e-type=\"column\">\n\t\t\t<div class=\"elementor-widget-wrap elementor-element-populated\">\n\t\t\t\t\t\t<div class=\"elementor-element elementor-element-0f0758c elementor-widget__width-inherit elementor-widget elementor-widget-html\" data-id=\"0f0758c\" data-element_type=\"widget\" data-e-type=\"widget\" data-widget_type=\"html.default\">\n\t\t\t\t<div class=\"elementor-widget-container\">\n\t\t\t\t\t<iframe width=\"100%\" height=\"1000px\" src=\"https:\/\/forms.office.com\/r\/7s8STJzdzQ?embed=true\" frameborder=\"0\" marginwidth=\"0\" marginheight=\"0\" style=\"border: none; max-width:100%; max-height:100vh\" allowfullscreen webkitallowfullscreen mozallowfullscreen msallowfullscreen> <\/iframe>\t\t\t\t<\/div>\n\t\t\t\t<\/div>\n\t\t\t\t\t<\/div>\n\t\t<\/div>\n\t\t\t\t\t<\/div>\n\t\t<\/section>\n\t\t\t\t\t<\/div>\n\t\t<\/div>\n\t\t\t\t\t<\/div>\n\t\t<\/section>\n\t\t\t\t<\/div>","protected":false},"excerpt":{"rendered":"<p>Luttak sum hj\u00e1lparf\u00f3lk<\/p>","protected":false},"author":1,"featured_media":0,"parent":0,"menu_order":0,"comment_status":"closed","ping_status":"closed","template":"","meta":{"ocean_post_layout":"full-screen","ocean_both_sidebars_style":"","ocean_both_sidebars_content_width":0,"ocean_both_sidebars_sidebars_width":0,"ocean_sidebar":"0","ocean_second_sidebar":"0","ocean_disable_margins":"enable","ocean_add_body_class":"","ocean_shortcode_before_top_bar":"","ocean_shortcode_after_top_bar":"","ocean_shortcode_before_header":"","ocean_shortcode_after_header":"","ocean_has_shortcode":"","ocean_shortcode_after_title":"","ocean_shortcode_before_footer_widgets":"","ocean_shortcode_after_footer_widgets":"","ocean_shortcode_before_footer_bottom":"","ocean_shortcode_after_footer_bottom":"","ocean_display_top_bar":"default","ocean_display_header":"default","ocean_header_style":"minimal","ocean_center_header_left_menu":"0","ocean_custom_header_template":"0","ocean_custom_logo":0,"ocean_custom_retina_logo":0,"ocean_custom_logo_max_width":0,"ocean_custom_logo_tablet_max_width":0,"ocean_custom_logo_mobile_max_width":0,"ocean_custom_logo_max_height":0,"ocean_custom_logo_tablet_max_height":0,"ocean_custom_logo_mobile_max_height":0,"ocean_header_custom_menu":"0","ocean_menu_typo_font_family":"0","ocean_menu_typo_font_subset":"","ocean_menu_typo_font_size":0,"ocean_menu_typo_font_size_tablet":0,"ocean_menu_typo_font_size_mobile":0,"ocean_menu_typo_font_size_unit":"px","ocean_menu_typo_font_weight":"","ocean_menu_typo_font_weight_tablet":"","ocean_menu_typo_font_weight_mobile":"","ocean_menu_typo_transform":"","ocean_menu_typo_transform_tablet":"","ocean_menu_typo_transform_mobile":"","ocean_menu_typo_line_height":0,"ocean_menu_typo_line_height_tablet":0,"ocean_menu_typo_line_height_mobile":0,"ocean_menu_typo_line_height_unit":"","ocean_menu_typo_spacing":0,"ocean_menu_typo_spacing_tablet":0,"ocean_menu_typo_spacing_mobile":0,"ocean_menu_typo_spacing_unit":"","ocean_menu_link_color":"","ocean_menu_link_color_hover":"","ocean_menu_link_color_active":"","ocean_menu_link_background":"","ocean_menu_link_hover_background":"","ocean_menu_link_active_background":"","ocean_menu_social_links_bg":"","ocean_menu_social_hover_links_bg":"","ocean_menu_social_links_color":"","ocean_menu_social_hover_links_color":"","ocean_disable_title":"on","ocean_disable_heading":"default","ocean_post_title":"","ocean_post_subheading":"","ocean_post_title_style":"","ocean_post_title_background_color":"","ocean_post_title_background":0,"ocean_post_title_bg_image_position":"","ocean_post_title_bg_image_attachment":"","ocean_post_title_bg_image_repeat":"","ocean_post_title_bg_image_size":"","ocean_post_title_height":0,"ocean_post_title_bg_overlay":0.5,"ocean_post_title_bg_overlay_color":"","ocean_disable_breadcrumbs":"default","ocean_breadcrumbs_color":"","ocean_breadcrumbs_separator_color":"","ocean_breadcrumbs_links_color":"","ocean_breadcrumbs_links_hover_color":"","ocean_display_footer_widgets":"default","ocean_display_footer_bottom":"default","ocean_custom_footer_template":"0","footnotes":""},"class_list":["post-2442","page","type-page","status-publish","hentry","entry"],"yoast_head":"<!-- This site is optimized with the Yoast SEO plugin v27.6 - https:\/\/yoast.com\/product\/yoast-seo-wordpress\/ -->\n<title>Tekna teg sum hj\u00e1lparf\u00f3lk - Fest\u00edvalh\u00f6ll<\/title>\n<meta name=\"robots\" content=\"index, follow, max-snippet:-1, max-image-preview:large, max-video-preview:-1\" \/>\n<link rel=\"canonical\" href=\"https:\/\/festivalholl.fo\/en\/sign-up-volunteer\/\" \/>\n<meta property=\"og:locale\" content=\"en_GB\" \/>\n<meta property=\"og:type\" content=\"article\" \/>\n<meta property=\"og:title\" content=\"Tekna teg sum hj\u00e1lparf\u00f3lk - Fest\u00edvalh\u00f6ll\" \/>\n<meta property=\"og:description\" content=\"Luttak sum hj\u00e1lparf\u00f3lk\" \/>\n<meta property=\"og:url\" content=\"https:\/\/festivalholl.fo\/en\/sign-up-volunteer\/\" \/>\n<meta property=\"og:site_name\" content=\"Fest\u00edvalh\u00f6ll\" \/>\n<meta property=\"article:publisher\" content=\"https:\/\/www.facebook.com\/Festivalholl\" \/>\n<meta property=\"article:modified_time\" content=\"2025-12-16T03:56:27+00:00\" \/>\n<meta name=\"twitter:card\" content=\"summary_large_image\" \/>\n<script type=\"application\/ld+json\" class=\"yoast-schema-graph\">{\"@context\":\"https:\\\/\\\/schema.org\",\"@graph\":[{\"@type\":\"WebPage\",\"@id\":\"https:\\\/\\\/festivalholl.fo\\\/sign-up-volunteer\\\/\",\"url\":\"https:\\\/\\\/festivalholl.fo\\\/sign-up-volunteer\\\/\",\"name\":\"Tekna teg sum hj\u00e1lparf\u00f3lk - Fest\u00edvalh\u00f6ll\",\"isPartOf\":{\"@id\":\"https:\\\/\\\/festivalholl.fo\\\/#website\"},\"datePublished\":\"2023-01-07T00:41:37+00:00\",\"dateModified\":\"2025-12-16T03:56:27+00:00\",\"breadcrumb\":{\"@id\":\"https:\\\/\\\/festivalholl.fo\\\/sign-up-volunteer\\\/#breadcrumb\"},\"inLanguage\":\"en-GB\",\"potentialAction\":[{\"@type\":\"ReadAction\",\"target\":[\"https:\\\/\\\/festivalholl.fo\\\/sign-up-volunteer\\\/\"]}]},{\"@type\":\"BreadcrumbList\",\"@id\":\"https:\\\/\\\/festivalholl.fo\\\/sign-up-volunteer\\\/#breadcrumb\",\"itemListElement\":[{\"@type\":\"ListItem\",\"position\":1,\"name\":\"Home\",\"item\":\"https:\\\/\\\/festivalholl.fo\\\/\"},{\"@type\":\"ListItem\",\"position\":2,\"name\":\"Tekna teg sum hj\u00e1lparf\u00f3lk\"}]},{\"@type\":\"WebSite\",\"@id\":\"https:\\\/\\\/festivalholl.fo\\\/#website\",\"url\":\"https:\\\/\\\/festivalholl.fo\\\/\",\"name\":\"Fest\u00edvalh\u00f6ll\",\"description\":\"Festival\",\"publisher\":{\"@id\":\"https:\\\/\\\/festivalholl.fo\\\/#organization\"},\"potentialAction\":[{\"@type\":\"SearchAction\",\"target\":{\"@type\":\"EntryPoint\",\"urlTemplate\":\"https:\\\/\\\/festivalholl.fo\\\/?s={search_term_string}\"},\"query-input\":{\"@type\":\"PropertyValueSpecification\",\"valueRequired\":true,\"valueName\":\"search_term_string\"}}],\"inLanguage\":\"en-GB\"},{\"@type\":\"Organization\",\"@id\":\"https:\\\/\\\/festivalholl.fo\\\/#organization\",\"name\":\"Fest\u00edvalh\u00f6ll\",\"url\":\"https:\\\/\\\/festivalholl.fo\\\/\",\"logo\":{\"@type\":\"ImageObject\",\"inLanguage\":\"en-GB\",\"@id\":\"https:\\\/\\\/festivalholl.fo\\\/#\\\/schema\\\/logo\\\/image\\\/\",\"url\":\"https:\\\/\\\/festivalholl.fo\\\/wp-content\\\/uploads\\\/2021\\\/04\\\/Favicon.png\",\"contentUrl\":\"https:\\\/\\\/festivalholl.fo\\\/wp-content\\\/uploads\\\/2021\\\/04\\\/Favicon.png\",\"width\":503,\"height\":503,\"caption\":\"Fest\u00edvalh\u00f6ll\"},\"image\":{\"@id\":\"https:\\\/\\\/festivalholl.fo\\\/#\\\/schema\\\/logo\\\/image\\\/\"},\"sameAs\":[\"https:\\\/\\\/www.facebook.com\\\/Festivalholl\",\"https:\\\/\\\/www.instagram.com\\\/festivalholl\\\/\"]}]}<\/script>\n<!-- \/ Yoast SEO plugin. -->","yoast_head_json":{"title":"Tekna teg sum hj\u00e1lparf\u00f3lk - Fest\u00edvalh\u00f6ll","robots":{"index":"index","follow":"follow","max-snippet":"max-snippet:-1","max-image-preview":"max-image-preview:large","max-video-preview":"max-video-preview:-1"},"canonical":"https:\/\/festivalholl.fo\/en\/sign-up-volunteer\/","og_locale":"en_GB","og_type":"article","og_title":"Tekna teg sum hj\u00e1lparf\u00f3lk - Fest\u00edvalh\u00f6ll","og_description":"Luttak sum hj\u00e1lparf\u00f3lk","og_url":"https:\/\/festivalholl.fo\/en\/sign-up-volunteer\/","og_site_name":"Fest\u00edvalh\u00f6ll","article_publisher":"https:\/\/www.facebook.com\/Festivalholl","article_modified_time":"2025-12-16T03:56:27+00:00","twitter_card":"summary_large_image","schema":{"@context":"https:\/\/schema.org","@graph":[{"@type":"WebPage","@id":"https:\/\/festivalholl.fo\/sign-up-volunteer\/","url":"https:\/\/festivalholl.fo\/sign-up-volunteer\/","name":"Tekna teg sum hj\u00e1lparf\u00f3lk - Fest\u00edvalh\u00f6ll","isPartOf":{"@id":"https:\/\/festivalholl.fo\/#website"},"datePublished":"2023-01-07T00:41:37+00:00","dateModified":"2025-12-16T03:56:27+00:00","breadcrumb":{"@id":"https:\/\/festivalholl.fo\/sign-up-volunteer\/#breadcrumb"},"inLanguage":"en-GB","potentialAction":[{"@type":"ReadAction","target":["https:\/\/festivalholl.fo\/sign-up-volunteer\/"]}]},{"@type":"BreadcrumbList","@id":"https:\/\/festivalholl.fo\/sign-up-volunteer\/#breadcrumb","itemListElement":[{"@type":"ListItem","position":1,"name":"Home","item":"https:\/\/festivalholl.fo\/"},{"@type":"ListItem","position":2,"name":"Tekna teg sum hj\u00e1lparf\u00f3lk"}]},{"@type":"WebSite","@id":"https:\/\/festivalholl.fo\/#website","url":"https:\/\/festivalholl.fo\/","name":"Fest\u00edvalh\u00f6ll","description":"Festival","publisher":{"@id":"https:\/\/festivalholl.fo\/#organization"},"potentialAction":[{"@type":"SearchAction","target":{"@type":"EntryPoint","urlTemplate":"https:\/\/festivalholl.fo\/?s={search_term_string}"},"query-input":{"@type":"PropertyValueSpecification","valueRequired":true,"valueName":"search_term_string"}}],"inLanguage":"en-GB"},{"@type":"Organization","@id":"https:\/\/festivalholl.fo\/#organization","name":"Fest\u00edvalh\u00f6ll","url":"https:\/\/festivalholl.fo\/","logo":{"@type":"ImageObject","inLanguage":"en-GB","@id":"https:\/\/festivalholl.fo\/#\/schema\/logo\/image\/","url":"https:\/\/festivalholl.fo\/wp-content\/uploads\/2021\/04\/Favicon.png","contentUrl":"https:\/\/festivalholl.fo\/wp-content\/uploads\/2021\/04\/Favicon.png","width":503,"height":503,"caption":"Fest\u00edvalh\u00f6ll"},"image":{"@id":"https:\/\/festivalholl.fo\/#\/schema\/logo\/image\/"},"sameAs":["https:\/\/www.facebook.com\/Festivalholl","https:\/\/www.instagram.com\/festivalholl\/"]}]}},"_links":{"self":[{"href":"https:\/\/festivalholl.fo\/en\/wp-json\/wp\/v2\/pages\/2442","targetHints":{"allow":["GET"]}}],"collection":[{"href":"https:\/\/festivalholl.fo\/en\/wp-json\/wp\/v2\/pages"}],"about":[{"href":"https:\/\/festivalholl.fo\/en\/wp-json\/wp\/v2\/types\/page"}],"author":[{"embeddable":true,"href":"https:\/\/festivalholl.fo\/en\/wp-json\/wp\/v2\/users\/1"}],"replies":[{"embeddable":true,"href":"https:\/\/festivalholl.fo\/en\/wp-json\/wp\/v2\/comments?post=2442"}],"version-history":[{"count":9,"href":"https:\/\/festivalholl.fo\/en\/wp-json\/wp\/v2\/pages\/2442\/revisions"}],"predecessor-version":[{"id":3602,"href":"https:\/\/festivalholl.fo\/en\/wp-json\/wp\/v2\/pages\/2442\/revisions\/3602"}],"wp:attachment":[{"href":"https:\/\/festivalholl.fo\/en\/wp-json\/wp\/v2\/media?parent=2442"}],"curies":[{"name":"wp","href":"https:\/\/api.w.org\/{rel}","templated":true}]}}